{"id":708,"date":"2025-09-15T14:39:42","date_gmt":"2025-09-15T14:39:42","guid":{"rendered":"https:\/\/newglobasite.dev.globasite.com\/?page_id=708"},"modified":"2025-09-15T14:48:02","modified_gmt":"2025-09-15T14:48:02","slug":"contact","status":"publish","type":"page","link":"https:\/\/newglobasite.dev.globasite.com\/pt\/contact\/","title":{"rendered":"Contact"},"content":{"rendered":"<div data-elementor-type=\"wp-page\" data-elementor-id=\"708\" class=\"elementor elementor-708\" data-elementor-post-type=\"page\">\n\t\t\t\t<div class=\"elementor-element elementor-element-3998564 e-flex e-con-boxed e-con e-parent\" data-id=\"3998564\" data-element_type=\"container\" data-settings=\"{&quot;background_background&quot;:&quot;classic&quot;}\">\n\t\t\t\t\t<div class=\"e-con-inner\">\n\t\t\t\t<div class=\"elementor-element elementor-element-49b6565 elementor-widget elementor-widget-heading\" data-id=\"49b6565\" data-element_type=\"widget\" data-widget_type=\"heading.default\">\n\t\t\t\t<div class=\"elementor-widget-container\">\n\t\t\t\t\t<h2 class=\"elementor-heading-title elementor-size-default\">Entre em contato conosco em<span style=\"color:#2663EB\">.<\/span><\/h2>\t\t\t\t<\/div>\n\t\t\t\t<\/div>\n\t\t\t\t<div class=\"elementor-element elementor-element-7f4bc43 elementor-widget elementor-widget-text-editor\" data-id=\"7f4bc43\" data-element_type=\"widget\" data-widget_type=\"text-editor.default\">\n\t\t\t\t<div class=\"elementor-widget-container\">\n\t\t\t\t\t\t\t\t\t<p class=\"p1\">Tem alguma d\u00favida, deseja saber mais sobre nossos servi\u00e7os ou agendar uma reuni\u00e3o? Preencha o formul\u00e1rio abaixo e entraremos em contato com voc\u00ea o mais breve poss\u00edvel. Aguardamos seu contato!<\/p>\t\t\t\t\t\t\t\t<\/div>\n\t\t\t\t<\/div>\n\t\t\t\t<div class=\"elementor-element elementor-element-b8d50f3 elementor-icon-list--layout-inline elementor-align-center elementor-list-item-link-full_width elementor-widget elementor-widget-icon-list\" data-id=\"b8d50f3\" data-element_type=\"widget\" data-widget_type=\"icon-list.default\">\n\t\t\t\t<div class=\"elementor-widget-container\">\n\t\t\t\t\t\t\t<ul class=\"elementor-icon-list-items elementor-inline-items\">\n\t\t\t\t\t\t\t<li class=\"elementor-icon-list-item elementor-inline-item\">\n\t\t\t\t\t\t\t\t\t\t\t<a href=\"https:\/\/newglobasite.dev.globasite.com\/pt\/\">\n\n\t\t\t\t\t\t\t\t\t\t\t<span class=\"elementor-icon-list-text\">In\u00edcio<\/span>\n\t\t\t\t\t\t\t\t\t\t\t<\/a>\n\t\t\t\t\t\t\t\t\t<\/li>\n\t\t\t\t\t\t\t\t<li class=\"elementor-icon-list-item elementor-inline-item\">\n\t\t\t\t\t\t\t\t\t\t\t<span class=\"elementor-icon-list-icon\">\n\t\t\t\t\t\t\t<i aria-hidden=\"true\" class=\"arrow_triangle-right\"><\/i>\t\t\t\t\t\t<\/span>\n\t\t\t\t\t\t\t\t\t\t<span class=\"elementor-icon-list-text\">Entre em contato conosco<\/span>\n\t\t\t\t\t\t\t\t\t<\/li>\n\t\t\t\t\t\t<\/ul>\n\t\t\t\t\t\t<\/div>\n\t\t\t\t<\/div>\n\t\t\t\t\t<\/div>\n\t\t\t\t<\/div>\n\t\t<div class=\"elementor-element elementor-element-a3fad00 e-flex e-con-boxed e-con e-parent\" data-id=\"a3fad00\" data-element_type=\"container\">\n\t\t\t\t\t<div class=\"e-con-inner\">\n\t\t<div class=\"elementor-element elementor-element-938ee0e e-con-full e-flex e-con e-child\" data-id=\"938ee0e\" data-element_type=\"container\">\n\t\t\t\t<div class=\"elementor-element elementor-element-dad6a0f elementor-button-align-stretch elementor-widget elementor-widget-form\" data-id=\"dad6a0f\" data-element_type=\"widget\" data-settings=\"{&quot;step_next_label&quot;:&quot;Next&quot;,&quot;step_previous_label&quot;:&quot;Previous&quot;,&quot;button_width&quot;:&quot;100&quot;,&quot;step_type&quot;:&quot;number_text&quot;,&quot;step_icon_shape&quot;:&quot;circle&quot;}\" data-widget_type=\"form.default\">\n\t\t\t\t<div class=\"elementor-widget-container\">\n\t\t\t\t\t\t\t<form class=\"elementor-form\" method=\"post\" name=\"New Form\" action=\"\">\n\t\t\t<input type=\"hidden\" name=\"post_id\" value=\"708\"\/>\n\t\t\t<input type=\"hidden\" name=\"form_id\" value=\"dad6a0f\"\/>\n\t\t\t<input type=\"hidden\" name=\"referer_title\" value=\"Contact\" \/>\n\n\t\t\t\t\t\t\t<input type=\"hidden\" name=\"queried_id\" value=\"708\"\/>\n\t\t\t\n\t\t\t<div class=\"elementor-form-fields-wrapper elementor-labels-\">\n\t\t\t\t\t\t\t\t<div class=\"elementor-field-type-text elementor-field-group elementor-column elementor-field-group-name elementor-col-100 elementor-field-required\">\n\t\t\t\t\t\t\t\t\t\t\t\t<label for=\"form-field-name\" class=\"elementor-field-label elementor-screen-only\">\n\t\t\t\t\t\t\t\tNome\/empresa\t\t\t\t\t\t\t<\/label>\n\t\t\t\t\t\t\t\t\t\t\t\t\t\t<input size=\"1\" type=\"text\" name=\"form_fields[name]\" id=\"form-field-name\" class=\"elementor-field elementor-size-sm  elementor-field-textual\" placeholder=\"Nome\/empresa\" required=\"required\">\n\t\t\t\t\t\t\t\t\t\t\t<\/div>\n\t\t\t\t\t\t\t\t<div class=\"elementor-field-type-email elementor-field-group elementor-column elementor-field-group-email elementor-col-100 elementor-field-required\">\n\t\t\t\t\t\t\t\t\t\t\t\t<label for=\"form-field-email\" class=\"elementor-field-label elementor-screen-only\">\n\t\t\t\t\t\t\t\tEndere\u00e7o de e-mail\t\t\t\t\t\t\t<\/label>\n\t\t\t\t\t\t\t\t\t\t\t\t\t\t<input size=\"1\" type=\"email\" name=\"form_fields[email]\" id=\"form-field-email\" class=\"elementor-field elementor-size-sm  elementor-field-textual\" placeholder=\"Endere\u00e7o de e-mail\" required=\"required\">\n\t\t\t\t\t\t\t\t\t\t\t<\/div>\n\t\t\t\t\t\t\t\t<div class=\"elementor-field-type-tel elementor-field-group elementor-column elementor-field-group-field_c80751e elementor-col-100 elementor-field-required\">\n\t\t\t\t\t\t\t\t\t\t\t\t<label for=\"form-field-field_c80751e\" class=\"elementor-field-label elementor-screen-only\">\n\t\t\t\t\t\t\t\tN\u00famero de telefone\t\t\t\t\t\t\t<\/label>\n\t\t\t\t\t\t\t\t<input size=\"1\" type=\"tel\" name=\"form_fields[field_c80751e]\" id=\"form-field-field_c80751e\" class=\"elementor-field elementor-size-sm  elementor-field-textual\" placeholder=\"N\u00famero de telefone\" required=\"required\" pattern=\"[0-9()#&amp;+*-=.]+\" title=\"Somente n\u00fameros e caracteres telef\u00f4nicos (#, -, *, etc.) s\u00e3o aceitos.\" data-no-translation-title=\"\">\n\n\t\t\t\t\t\t<\/div>\n\t\t\t\t\t\t\t\t<div class=\"elementor-field-type-html elementor-field-group elementor-column elementor-field-group-field_cd1e30a elementor-col-100\">\n\t\t\t\t\tO que voc\u00ea quer discutir?\t\t\t\t<\/div>\n\t\t\t\t\t\t\t\t<div class=\"elementor-field-type-checkbox elementor-field-group elementor-column elementor-field-group-field_ace0cec elementor-col-100\">\n\t\t\t\t\t\t\t\t\t\t\t\t<label for=\"form-field-field_ace0cec\" class=\"elementor-field-label elementor-screen-only\">\n\t\t\t\t\t\t\t\tO que voc\u00ea quer discutir?\t\t\t\t\t\t\t<\/label>\n\t\t\t\t\t\t<div class=\"elementor-field-subgroup\"><span class=\"elementor-field-option\"><input type=\"checkbox\" value=\"Hemsida\" id=\"form-field-field_ace0cec-0\" name=\"form_fields[field_ace0cec][]\"> <label for=\"form-field-field_ace0cec-0\">Site<\/label><\/span><span class=\"elementor-field-option\"><input type=\"checkbox\" value=\"Logotyp &amp; varum\u00e4rke\" id=\"form-field-field_ace0cec-1\" name=\"form_fields[field_ace0cec][]\"> <label for=\"form-field-field_ace0cec-1\">Logotipo e marca<\/label><\/span><span class=\"elementor-field-option\"><input type=\"checkbox\" value=\"SEO - optimering\" id=\"form-field-field_ace0cec-2\" name=\"form_fields[field_ace0cec][]\"> <label for=\"form-field-field_ace0cec-2\">SEO - otimiza\u00e7\u00e3o<\/label><\/span><span class=\"elementor-field-option\"><input type=\"checkbox\" value=\"Webbhotell\" id=\"form-field-field_ace0cec-3\" name=\"form_fields[field_ace0cec][]\"> <label for=\"form-field-field_ace0cec-3\">Hospedagem na Web<\/label><\/span><span class=\"elementor-field-option\"><input type=\"checkbox\" value=\"Digital Marknadsf\u00f6ring\" id=\"form-field-field_ace0cec-4\" name=\"form_fields[field_ace0cec][]\"> <label for=\"form-field-field_ace0cec-4\">Marketing digital<\/label><\/span><span class=\"elementor-field-option\"><input type=\"checkbox\" value=\"E-post l\u00f6sningar\" id=\"form-field-field_ace0cec-5\" name=\"form_fields[field_ace0cec][]\"> <label for=\"form-field-field_ace0cec-5\">Solu\u00e7\u00f5es de e-mail<\/label><\/span><span class=\"elementor-field-option\"><input type=\"checkbox\" value=\"Annat\" id=\"form-field-field_ace0cec-6\" name=\"form_fields[field_ace0cec][]\"> <label for=\"form-field-field_ace0cec-6\">Outros<\/label><\/span><\/div>\t\t\t\t<\/div>\n\t\t\t\t\t\t\t\t<div class=\"elementor-field-type-textarea elementor-field-group elementor-column elementor-field-group-message elementor-col-100 elementor-field-required\">\n\t\t\t\t\t\t\t\t\t\t\t\t<label for=\"form-field-message\" class=\"elementor-field-label elementor-screen-only\">\n\t\t\t\t\t\t\t\tNotifica\u00e7\u00e3o\t\t\t\t\t\t\t<\/label>\n\t\t\t\t\t\t<textarea class=\"elementor-field-textual elementor-field  elementor-size-sm\" name=\"form_fields[message]\" id=\"form-field-message\" rows=\"4\" placeholder=\"Notifica\u00e7\u00e3o\" required=\"required\"><\/textarea>\t\t\t\t<\/div>\n\t\t\t\t\t\t\t\t<div class=\"elementor-field-group elementor-column elementor-field-type-submit elementor-col-100 e-form__buttons\">\n\t\t\t\t\t<button class=\"elementor-button elementor-size-sm\" type=\"submit\">\n\t\t\t\t\t\t<span class=\"elementor-button-content-wrapper\">\n\t\t\t\t\t\t\t\t\t\t\t\t\t\t\t\t\t\t\t\t\t\t<span class=\"elementor-button-text\">Enviar uma mensagem<\/span>\n\t\t\t\t\t\t\t\t\t\t\t\t\t<\/span>\n\t\t\t\t\t<\/button>\n\t\t\t\t<\/div>\n\t\t\t<\/div>\n\t\t<input type=\"hidden\" name=\"trp-form-language\" value=\"pt\"\/><\/form>\n\t\t\t\t\t\t<\/div>\n\t\t\t\t<\/div>\n\t\t\t\t<\/div>\n\t\t\t\t\t<\/div>\n\t\t\t\t<\/div>\n\t\t\t\t<\/div>","protected":false},"excerpt":{"rendered":"<p>Kontakta oss. Har du fr\u00e5gor, vill veta mer om v\u00e5ra tj\u00e4nster eller boka ett m\u00f6te? Fyll i formul\u00e4ret nedan s\u00e5 \u00e5terkommer vi till dig s\u00e5 snart som m\u00f6jligt. Vi ser fram emot att h\u00f6ra fr\u00e5n dig! Hem Kontakt<\/p>","protected":false},"author":1,"featured_media":0,"parent":0,"menu_order":0,"comment_status":"closed","ping_status":"closed","template":"elementor_header_footer","meta":{"footnotes":""},"class_list":["post-708","page","type-page","status-publish","hentry"],"_links":{"self":[{"href":"https:\/\/newglobasite.dev.globasite.com\/pt\/wp-json\/wp\/v2\/pages\/708","targetHints":{"allow":["GET"]}}],"collection":[{"href":"https:\/\/newglobasite.dev.globasite.com\/pt\/wp-json\/wp\/v2\/pages"}],"about":[{"href":"https:\/\/newglobasite.dev.globasite.com\/pt\/wp-json\/wp\/v2\/types\/page"}],"author":[{"embeddable":true,"href":"https:\/\/newglobasite.dev.globasite.com\/pt\/wp-json\/wp\/v2\/users\/1"}],"replies":[{"embeddable":true,"href":"https:\/\/newglobasite.dev.globasite.com\/pt\/wp-json\/wp\/v2\/comments?post=708"}],"version-history":[{"count":13,"href":"https:\/\/newglobasite.dev.globasite.com\/pt\/wp-json\/wp\/v2\/pages\/708\/revisions"}],"predecessor-version":[{"id":729,"href":"https:\/\/newglobasite.dev.globasite.com\/pt\/wp-json\/wp\/v2\/pages\/708\/revisions\/729"}],"wp:attachment":[{"href":"https:\/\/newglobasite.dev.globasite.com\/pt\/wp-json\/wp\/v2\/media?parent=708"}],"curies":[{"name":"wp","href":"https:\/\/api.w.org\/{rel}","templated":true}]}}